{"id":1122,"date":"2020-02-19T05:45:25","date_gmt":"2020-02-19T04:45:25","guid":{"rendered":"https:\/\/www.destinopuglia.com\/cidades-para-visita-puglia\/"},"modified":"2021-12-14T18:49:10","modified_gmt":"2021-12-14T17:49:10","slug":"ciudades-visita-puglia-italia","status":"publish","type":"page","link":"https:\/\/www.destinopuglia.com\/es\/ciudades-para-visita-puglia\/","title":{"rendered":"Ciudades da Puglia"},"content":{"rendered":"<p>&nbsp;<\/p>\n<h2>Cu\u00e1les ciudades visitar en Puglia<\/h2>\n<p>Puglia, una de las regiones m\u00e1s encantadoras de Italia, y en el mapa del pa\u00eds est\u00e1 situada en el sur, o como nos gusta decir bien en el \u00absalto de la bota\u00bb.<\/p>\n<p>Son muchas las razones por las que deber\u00edas incluir Puglia y sus fant\u00e1sticas ciudades en el itinerario de tu pr\u00f3ximo viaje; escenarios de puro encanto, ba\u00f1ada por dos mares, excelente gastronom\u00eda y buena gente.<\/p>\n<p>Hemos creado una lista completa de las principales ciudades de Puglia con informaci\u00f3n y consejos imperdibles especialmente para ti.<\/p>\n<p>\u00a1Que la pases bien![vc_row full_width=\u00bbstretch_row\u00bb][vc_column el_class=\u00bbstickfoot\u00bb css=\u00bb.vc_custom_1575445510752{border-top-width: 2px !important;padding-top: 20px !important;background-color: #ffffff !important;border-top-color: #82af64 !important;border-top-style: solid !important;}\u00bb offset=\u00bbvc_hidden-lg vc_hidden-md\u00bb][vc_row_inner][vc_column_inner width=\u00bb1\/2&#8243; offset=\u00bbvc_col-xs-6&#8243;][vc_btn title=\u00bbFalamos pelo WhatsApp\u00bb style=\u00bbcustom\u00bb custom_background=\u00bb#82af64&#8243; custom_text=\u00bb#ffffff\u00bb align=\u00bbcenter\u00bb i_icon_fontawesome=\u00bbfa fa-whatsapp\u00bb add_icon=\u00bbtrue\u00bb link=\u00bburl:https%3A%2F%2Fwa.me%2F393441403195||target:%20_blank|\u00bb][\/vc_column_inner][vc_column_inner width=\u00bb1\/2&#8243; offset=\u00bbvc_col-xs-6&#8243;][vc_btn title=\u00bbEnv\u00edenos una solicitud\u00bb style=\u00bbcustom\u00bb custom_background=\u00bb#82af64&#8243; custom_text=\u00bb#ffffff\u00bb align=\u00bbcenter\u00bb i_icon_fontawesome=\u00bbfa fa-envelope-o\u00bb add_icon=\u00bbtrue\u00bb link=\u00bburl:%23|||\u00bb el_class=\u00bbcontact-tour\u00bb]<\/p>\n","protected":false},"excerpt":{"rendered":"<p>&nbsp; Cu\u00e1les ciudades visitar en Puglia Puglia, una de las regiones m\u00e1s encantadoras de Italia, y en el mapa del pa\u00eds est\u00e1 situada en el sur, o como nos gusta decir bien en el \u00absalto de la bota\u00bb. Son muchas las razones por las que deber\u00edas incluir Puglia y sus fant\u00e1sticas ciudades en el itinerario [&hellip;]<\/p>\n","protected":false},"author":3,"featured_media":0,"parent":0,"menu_order":0,"comment_status":"closed","ping_status":"closed","template":"page-location-list.php","meta":{"_mi_skip_tracking":false,"_monsterinsights_sitenote_active":false,"_monsterinsights_sitenote_note":"","_monsterinsights_sitenote_category":0,"spay_email":"","footnotes":""},"class_list":["post-1122","page","type-page","status-publish","hentry"],"yoast_head":"<!-- This site is optimized with the Yoast SEO plugin v17.8 - https:\/\/yoast.com\/wordpress\/plugins\/seo\/ -->\n<title>\u00bfQu\u00e9 ciudades visitar en Puglia? - Consejos de viaje | Destino Puglia Tours<\/title>\n<meta name=\"description\" content=\"\u00bfQuieres saber qu\u00e9 ciudades visitar en Puglia en Italia? Descubre muchos consejos de viaje y excursiones en www.destinopuglia.com\" \/>\n<meta name=\"robots\" content=\"index, follow, max-snippet:-1, max-image-preview:large, max-video-preview:-1\" \/>\n<link rel=\"canonical\" href=\"https:\/\/www.destinopuglia.com\/es\/ciudades-para-visita-puglia\/\" \/>\n<meta property=\"og:locale\" content=\"es_ES\" \/>\n<meta property=\"og:type\" content=\"article\" \/>\n<meta property=\"og:title\" content=\"\u00bfQu\u00e9 ciudades visitar en Puglia? - Consejos de viaje | Destino Puglia Tours\" \/>\n<meta property=\"og:description\" content=\"\u00bfQuieres saber qu\u00e9 ciudades visitar en Puglia en Italia? Descubre muchos consejos de viaje y excursiones en www.destinopuglia.com\" \/>\n<meta property=\"og:url\" content=\"https:\/\/www.destinopuglia.com\/es\/ciudades-para-visita-puglia\/\" \/>\n<meta property=\"og:site_name\" content=\"Destino Puglia\" \/>\n<meta property=\"article:modified_time\" content=\"2021-12-14T17:49:10+00:00\" \/>\n<meta name=\"twitter:card\" content=\"summary_large_image\" \/>\n<meta name=\"twitter:label1\" content=\"Tiempo de lectura\" \/>\n\t<meta name=\"twitter:data1\" content=\"1 minuto\" \/>\n<script type=\"application\/ld+json\" class=\"yoast-schema-graph\">{\"@context\":\"https:\/\/schema.org\",\"@graph\":[{\"@type\":\"WebSite\",\"@id\":\"https:\/\/www.destinopuglia.com\/es\/#website\",\"url\":\"https:\/\/www.destinopuglia.com\/es\/\",\"name\":\"Destino Puglia\",\"description\":\"Solo un altro sito WordPress\",\"potentialAction\":[{\"@type\":\"SearchAction\",\"target\":{\"@type\":\"EntryPoint\",\"urlTemplate\":\"https:\/\/www.destinopuglia.com\/es\/?s={search_term_string}\"},\"query-input\":\"required name=search_term_string\"}],\"inLanguage\":\"es\"},{\"@type\":\"WebPage\",\"@id\":\"https:\/\/www.destinopuglia.com\/es\/ciudades-para-visita-puglia\/#webpage\",\"url\":\"https:\/\/www.destinopuglia.com\/es\/ciudades-para-visita-puglia\/\",\"name\":\"\\u00bfQu\\u00e9 ciudades visitar en Puglia? - Consejos de viaje | Destino Puglia Tours\",\"isPartOf\":{\"@id\":\"https:\/\/www.destinopuglia.com\/es\/#website\"},\"datePublished\":\"2020-02-19T04:45:25+00:00\",\"dateModified\":\"2021-12-14T17:49:10+00:00\",\"description\":\"\\u00bfQuieres saber qu\\u00e9 ciudades visitar en Puglia en Italia? Descubre muchos consejos de viaje y excursiones en www.destinopuglia.com\",\"breadcrumb\":{\"@id\":\"https:\/\/www.destinopuglia.com\/es\/ciudades-para-visita-puglia\/#breadcrumb\"},\"inLanguage\":\"es\",\"potentialAction\":[{\"@type\":\"ReadAction\",\"target\":[\"https:\/\/www.destinopuglia.com\/es\/ciudades-para-visita-puglia\/\"]}]},{\"@type\":\"BreadcrumbList\",\"@id\":\"https:\/\/www.destinopuglia.com\/es\/ciudades-para-visita-puglia\/#breadcrumb\",\"itemListElement\":[{\"@type\":\"ListItem\",\"position\":1,\"name\":\"Home\",\"item\":\"https:\/\/www.destinopuglia.com\/es\/experiencias-turisticas-en-puglia\/\"},{\"@type\":\"ListItem\",\"position\":2,\"name\":\"Ciudades da Puglia\"}]}]}<\/script>\n<!-- \/ Yoast SEO plugin. -->","yoast_head_json":{"title":"\u00bfQu\u00e9 ciudades visitar en Puglia? - Consejos de viaje | Destino Puglia Tours","description":"\u00bfQuieres saber qu\u00e9 ciudades visitar en Puglia en Italia? Descubre muchos consejos de viaje y excursiones en www.destinopuglia.com","robots":{"index":"index","follow":"follow","max-snippet":"max-snippet:-1","max-image-preview":"max-image-preview:large","max-video-preview":"max-video-preview:-1"},"canonical":"https:\/\/www.destinopuglia.com\/es\/ciudades-para-visita-puglia\/","og_locale":"es_ES","og_type":"article","og_title":"\u00bfQu\u00e9 ciudades visitar en Puglia? - Consejos de viaje | Destino Puglia Tours","og_description":"\u00bfQuieres saber qu\u00e9 ciudades visitar en Puglia en Italia? Descubre muchos consejos de viaje y excursiones en www.destinopuglia.com","og_url":"https:\/\/www.destinopuglia.com\/es\/ciudades-para-visita-puglia\/","og_site_name":"Destino Puglia","article_modified_time":"2021-12-14T17:49:10+00:00","twitter_card":"summary_large_image","twitter_misc":{"Tiempo de lectura":"1 minuto"},"schema":{"@context":"https:\/\/schema.org","@graph":[{"@type":"WebSite","@id":"https:\/\/www.destinopuglia.com\/es\/#website","url":"https:\/\/www.destinopuglia.com\/es\/","name":"Destino Puglia","description":"Solo un altro sito WordPress","potentialAction":[{"@type":"SearchAction","target":{"@type":"EntryPoint","urlTemplate":"https:\/\/www.destinopuglia.com\/es\/?s={search_term_string}"},"query-input":"required name=search_term_string"}],"inLanguage":"es"},{"@type":"WebPage","@id":"https:\/\/www.destinopuglia.com\/es\/ciudades-para-visita-puglia\/#webpage","url":"https:\/\/www.destinopuglia.com\/es\/ciudades-para-visita-puglia\/","name":"\u00bfQu\u00e9 ciudades visitar en Puglia? - Consejos de viaje | Destino Puglia Tours","isPartOf":{"@id":"https:\/\/www.destinopuglia.com\/es\/#website"},"datePublished":"2020-02-19T04:45:25+00:00","dateModified":"2021-12-14T17:49:10+00:00","description":"\u00bfQuieres saber qu\u00e9 ciudades visitar en Puglia en Italia? Descubre muchos consejos de viaje y excursiones en www.destinopuglia.com","breadcrumb":{"@id":"https:\/\/www.destinopuglia.com\/es\/ciudades-para-visita-puglia\/#breadcrumb"},"inLanguage":"es","potentialAction":[{"@type":"ReadAction","target":["https:\/\/www.destinopuglia.com\/es\/ciudades-para-visita-puglia\/"]}]},{"@type":"BreadcrumbList","@id":"https:\/\/www.destinopuglia.com\/es\/ciudades-para-visita-puglia\/#breadcrumb","itemListElement":[{"@type":"ListItem","position":1,"name":"Home","item":"https:\/\/www.destinopuglia.com\/es\/experiencias-turisticas-en-puglia\/"},{"@type":"ListItem","position":2,"name":"Ciudades da Puglia"}]}]}},"_links":{"self":[{"href":"https:\/\/www.destinopuglia.com\/es\/wp-json\/wp\/v2\/pages\/1122","targetHints":{"allow":["GET"]}}],"collection":[{"href":"https:\/\/www.destinopuglia.com\/es\/wp-json\/wp\/v2\/pages"}],"about":[{"href":"https:\/\/www.destinopuglia.com\/es\/wp-json\/wp\/v2\/types\/page"}],"author":[{"embeddable":true,"href":"https:\/\/www.destinopuglia.com\/es\/wp-json\/wp\/v2\/users\/3"}],"replies":[{"embeddable":true,"href":"https:\/\/www.destinopuglia.com\/es\/wp-json\/wp\/v2\/comments?post=1122"}],"version-history":[{"count":8,"href":"https:\/\/www.destinopuglia.com\/es\/wp-json\/wp\/v2\/pages\/1122\/revisions"}],"predecessor-version":[{"id":1336,"href":"https:\/\/www.destinopuglia.com\/es\/wp-json\/wp\/v2\/pages\/1122\/revisions\/1336"}],"wp:attachment":[{"href":"https:\/\/www.destinopuglia.com\/es\/wp-json\/wp\/v2\/media?parent=1122"}],"curies":[{"name":"wp","href":"https:\/\/api.w.org\/{rel}","templated":true}]}}